{"id":17,"date":"2019-06-26T05:00:17","date_gmt":"2019-06-26T04:00:17","guid":{"rendered":"https:\/\/elenacostelian.com\/?page_id=17"},"modified":"2019-10-12T20:55:17","modified_gmt":"2019-10-12T19:55:17","slug":"tchernobyl-on-tour-%e2%80%a2-02","status":"publish","type":"page","link":"https:\/\/elenacostelian.art\/en\/tchernobyl-on-tour\/tchernobyl-on-tour-%e2%80%a2-02\/","title":{"rendered":"Tchernobyl on tour \u2022 02"},"content":{"rendered":"\n<figure class=\"wp-block-image\"><img loading=\"lazy\" width=\"700\" height=\"438\" src=\"https:\/\/elenacostelian.com\/wp-content\/uploads\/2019\/10\/Tchernobyl4-700x438.jpg\" alt=\"\" class=\"wp-image-282\" srcset=\"https:\/\/elenacostelian.art\/wp-content\/uploads\/2019\/10\/Tchernobyl4-700x438.jpg 700w, https:\/\/elenacostelian.art\/wp-content\/uploads\/2019\/10\/Tchernobyl4-300x188.jpg 300w, https:\/\/elenacostelian.art\/wp-content\/uploads\/2019\/10\/Tchernobyl4-768x480.jpg 768w, https:\/\/elenacostelian.art\/wp-content\/uploads\/2019\/10\/Tchernobyl4-304x190.jpg 304w, https:\/\/elenacostelian.art\/wp-content\/uploads\/2019\/10\/Tchernobyl4.jpg 960w\" sizes=\"(max-width: 700px) 100vw, 700px\" \/><\/figure>\n\n\n\n<h2>Border, vid\u00e9o 3m43, R\u00e9sidence de cr\u00e9ation Pont-Aven<\/h2>\n\n\n\n<p>Les Verri\u00e8res, ateliers-r\u00e9sidences de Pont-Aven, se situent dans \nl\u2019enceinte de l\u2019ancien h\u00f4tel Julia. Un lieu qui a vu passer des \ng\u00e9n\u00e9rations d\u2019artistes, de l\u2019\u00e9cole de Pont-Aven \u00e0 l\u2019\u00e9cole am\u00e9ricaine, la\n tenanci\u00e8re, Madame Julia, amoureuse de l\u2019art et des artistes d\u00e9cida \nd\u2019agrandir son h\u00f4tel et fit am\u00e9nager des ateliers. Ce sont ces m\u00eames \nateliers qui continuent \u00e0 accueillir aujourd\u2019hui encore des artistes \npour des p\u00e9riodes de r\u00e9sidence. En m\u2019appuyant sur ces recherches j\u2019ai \nconstat\u00e9 que le sol gardait les stigmates de ces passages, de ces \nva-et-vient et que sous mes pieds gisaient un s\u00e9diment de la m\u00e9moire du \nlieu et une page de l\u2019histoire de l\u2019art. Les lectures de divers r\u00e9cits \nde cette \u00e9poque, attestent que les artistes de passage dans ce lieu \nlaissaient un croquis, un dessin, parfois des tableaux, en guise de \nremerciements. J\u2019ai donc d\u00e9cid\u00e9 de renouer avec ce geste et en laissant \nune trace de mon passage.<br>\nLe projet <em>Tchernobyl on tour <\/em>faisant \u00e9cho aux questionnement \nsur la m\u00e9moire des lieux, j\u2019ai envisag\u00e9 l\u2019atelier comme espace d\u2019une \nm\u00e9moire g\u00e9ographique et entrepris un travail sur la repr\u00e9sentation \ncartographie. L\u2019\u00e9chelle de l\u2019atelier est donc devenue l\u2019\u00e9chelle de la \nzone. Je me suis appliqu\u00e9e \u00e0 graver au couteau sur le sol la fronti\u00e8re \nnord de la Zone ; cette ligne de d\u00e9marcation, en prenant en \nconsid\u00e9ration l\u2019orientation de l\u2019atelier et ses dimensions. Un geste \ngraphique qui permet aussi de visualiser l\u2019impr\u00e9cision troublante d\u2019une \nzone qu\u2019il a fallu d\u00e9terminer dans l\u2019urgence. Une page de mon \n\u00abTchernobyl on tour\u00bb tourn\u00e9e \u00e0 Pont-Aven, j\u2019ai repris la route.<br>\n<br><\/p>\n","protected":false},"excerpt":{"rendered":"<p>Border, vid\u00e9o 3m43, R\u00e9sidence de cr\u00e9ation Pont-Aven Les Verri\u00e8res, ateliers-r\u00e9sidences de Pont-Aven, se situent dans l\u2019enceinte de l\u2019ancien h\u00f4tel Julia. Un lieu qui a vu passer des g\u00e9n\u00e9rations d\u2019artistes, de l\u2019\u00e9cole de Pont-Aven \u00e0 l\u2019\u00e9cole &#8230;<\/p>\n","protected":false},"author":1,"featured_media":0,"parent":13,"menu_order":0,"comment_status":"closed","ping_status":"closed","template":"","meta":[],"aioseo_notices":[],"_links":{"self":[{"href":"https:\/\/elenacostelian.art\/en\/wp-json\/wp\/v2\/pages\/17"}],"collection":[{"href":"https:\/\/elenacostelian.art\/en\/wp-json\/wp\/v2\/pages"}],"about":[{"href":"https:\/\/elenacostelian.art\/en\/wp-json\/wp\/v2\/types\/page"}],"author":[{"embeddable":true,"href":"https:\/\/elenacostelian.art\/en\/wp-json\/wp\/v2\/users\/1"}],"replies":[{"embeddable":true,"href":"https:\/\/elenacostelian.art\/en\/wp-json\/wp\/v2\/comments?post=17"}],"version-history":[{"count":3,"href":"https:\/\/elenacostelian.art\/en\/wp-json\/wp\/v2\/pages\/17\/revisions"}],"predecessor-version":[{"id":590,"href":"https:\/\/elenacostelian.art\/en\/wp-json\/wp\/v2\/pages\/17\/revisions\/590"}],"up":[{"embeddable":true,"href":"https:\/\/elenacostelian.art\/en\/wp-json\/wp\/v2\/pages\/13"}],"wp:attachment":[{"href":"https:\/\/elenacostelian.art\/en\/wp-json\/wp\/v2\/media?parent=17"}],"curies":[{"name":"wp","href":"https:\/\/api.w.org\/{rel}","templated":true}]}}